{"id":19,"date":"2025-06-16T07:56:16","date_gmt":"2025-06-16T07:56:16","guid":{"rendered":"https:\/\/clarinessbt.wpenginepowered.com\/?page_id=19"},"modified":"2025-08-28T12:14:55","modified_gmt":"2025-08-28T12:14:55","slug":"sites","status":"publish","type":"page","link":"https:\/\/bettertogetherberlin.com\/de-de\/sponsors\/sites\/","title":{"rendered":"Studienzentren"},"content":{"rendered":"<div data-elementor-type=\"wp-page\" data-elementor-id=\"19\" class=\"elementor elementor-19\" data-elementor-post-type=\"page\">\n\t\t\t\t<div class=\"elementor-element elementor-element-497c6ea4 e-flex e-con-boxed e-con e-parent\" data-id=\"497c6ea4\" data-element_type=\"container\" data-e-type=\"container\" id=\"herosection\" data-settings=\"{&quot;background_background&quot;:&quot;classic&quot;}\">\n\t\t\t\t\t<div class=\"e-con-inner\">\n\t\t<div class=\"elementor-element elementor-element-306aa0ed e-con-full e-flex e-con e-child\" data-id=\"306aa0ed\" data-element_type=\"container\" data-e-type=\"container\">\n\t\t\t\t<div class=\"elementor-element elementor-element-dbda4fb elementor-widget elementor-widget-heading\" data-id=\"dbda4fb\" data-element_type=\"widget\" data-e-type=\"widget\" data-widget_type=\"heading.default\">\n\t\t\t\t<div class=\"elementor-widget-container\">\n\t\t\t\t\t<h3 class=\"elementor-heading-title elementor-size-default\">F\u00fcr Studienzentren<\/h3>\t\t\t\t<\/div>\n\t\t\t\t<\/div>\n\t\t\t\t<div class=\"elementor-element elementor-element-7829f239 elementor-widget elementor-widget-heading\" data-id=\"7829f239\" data-element_type=\"widget\" data-e-type=\"widget\" data-widget_type=\"heading.default\">\n\t\t\t\t<div class=\"elementor-widget-container\">\n\t\t\t\t\t<h1 class=\"elementor-heading-title elementor-size-default\">Positionieren Sie sich als f\u00fchrendes Forschungszentrum in Berlin<\/h1>\t\t\t\t<\/div>\n\t\t\t\t<\/div>\n\t\t\t\t<div class=\"elementor-element elementor-element-3058a813 elementor-widget elementor-widget-heading\" data-id=\"3058a813\" data-element_type=\"widget\" data-e-type=\"widget\" data-widget_type=\"heading.default\">\n\t\t\t\t<div class=\"elementor-widget-container\">\n\t\t\t\t\t<h2 class=\"elementor-heading-title elementor-size-default\">Positionieren Sie sich als f\u00fchrendes Forschungszentrum in Berlin<\/h2>\t\t\t\t<\/div>\n\t\t\t\t<\/div>\n\t\t\t\t<\/div>\n\t\t<div class=\"elementor-element elementor-element-340b5ead e-con-full e-flex e-con e-child\" data-id=\"340b5ead\" data-element_type=\"container\" data-e-type=\"container\">\n\t\t\t\t<\/div>\n\t\t\t\t\t<\/div>\n\t\t\t\t<\/div>\n\t\t<div class=\"elementor-element elementor-element-1b9ee655 e-flex e-con-boxed e-con e-parent\" data-id=\"1b9ee655\" data-element_type=\"container\" data-e-type=\"container\">\n\t\t\t\t\t<div class=\"e-con-inner\">\n\t\t\t\t<div class=\"elementor-element elementor-element-41e3500c elementor-hidden-desktop elementor-widget elementor-widget-image\" data-id=\"41e3500c\" data-element_type=\"widget\" data-e-type=\"widget\" data-widget_type=\"image.default\">\n\t\t\t\t<div class=\"elementor-widget-container\">\n\t\t\t\t\t\t\t\t\t\t\t\t\t\t\t<img fetchpriority=\"high\" decoding=\"async\" width=\"800\" height=\"509\" src=\"https:\/\/bettertogetherberlin.com\/wp-content\/uploads\/2025\/06\/Berlin_Sound-wave_website-header-2_full-2-1024x651.png\" class=\"attachment-large size-large wp-image-136\" alt=\"\" srcset=\"https:\/\/bettertogetherberlin.com\/wp-content\/uploads\/2025\/06\/Berlin_Sound-wave_website-header-2_full-2-1024x651.png 1024w, https:\/\/bettertogetherberlin.com\/wp-content\/uploads\/2025\/06\/Berlin_Sound-wave_website-header-2_full-2-300x191.png 300w, https:\/\/bettertogetherberlin.com\/wp-content\/uploads\/2025\/06\/Berlin_Sound-wave_website-header-2_full-2-768x489.png 768w, https:\/\/bettertogetherberlin.com\/wp-content\/uploads\/2025\/06\/Berlin_Sound-wave_website-header-2_full-2-18x12.png 18w, https:\/\/bettertogetherberlin.com\/wp-content\/uploads\/2025\/06\/Berlin_Sound-wave_website-header-2_full-2.png 1201w\" sizes=\"(max-width: 800px) 100vw, 800px\" \/>\t\t\t\t\t\t\t\t\t\t\t\t\t\t\t<\/div>\n\t\t\t\t<\/div>\n\t\t\t\t\t<\/div>\n\t\t\t\t<\/div>\n\t\t<div class=\"elementor-element elementor-element-0610677 e-flex e-con-boxed e-con e-parent\" data-id=\"0610677\" data-element_type=\"container\" data-e-type=\"container\" data-settings=\"{&quot;background_background&quot;:&quot;classic&quot;}\">\n\t\t\t\t\t<div class=\"e-con-inner\">\n\t\t\t\t<div class=\"elementor-element elementor-element-39e4a20 elementor-widget elementor-widget-heading\" data-id=\"39e4a20\" data-element_type=\"widget\" data-e-type=\"widget\" data-widget_type=\"heading.default\">\n\t\t\t\t<div class=\"elementor-widget-container\">\n\t\t\t\t\t<h2 class=\"elementor-heading-title elementor-size-default\">Warum sollten Sie an diesem Projekt teilnehmen?<\/h2>\t\t\t\t<\/div>\n\t\t\t\t<\/div>\n\t\t<div class=\"elementor-element elementor-element-e86c347 e-con-full e-flex e-con e-child\" data-id=\"e86c347\" data-element_type=\"container\" data-e-type=\"container\">\n\t\t<div class=\"elementor-element elementor-element-7185804 e-con-full e-flex e-con e-child\" data-id=\"7185804\" data-element_type=\"container\" data-e-type=\"container\">\n\t\t\t\t<div class=\"elementor-element elementor-element-aa5d446 elementor-widget elementor-widget-image\" data-id=\"aa5d446\" data-element_type=\"widget\" data-e-type=\"widget\" data-widget_type=\"image.default\">\n\t\t\t\t<div class=\"elementor-widget-container\">\n\t\t\t\t\t\t\t\t\t\t\t\t\t\t\t<img decoding=\"async\" width=\"75\" height=\"75\" src=\"https:\/\/bettertogetherberlin.com\/wp-content\/uploads\/2025\/06\/people-icon-2.svg\" class=\"attachment-full size-full wp-image-116\" alt=\"\" \/>\t\t\t\t\t\t\t\t\t\t\t\t\t\t\t<\/div>\n\t\t\t\t<\/div>\n\t\t<div class=\"elementor-element elementor-element-f835824 e-con-full e-flex e-con e-child\" data-id=\"f835824\" data-element_type=\"container\" data-e-type=\"container\">\n\t\t\t\t<div class=\"elementor-element elementor-element-350182c elementor-widget elementor-widget-text-editor\" data-id=\"350182c\" data-element_type=\"widget\" data-e-type=\"widget\" data-widget_type=\"text-editor.default\">\n\t\t\t\t<div class=\"elementor-widget-container\">\n\t\t\t\t\t\t\t\t\t<ol class=\"core-strategy\" start=\"1\">\n \t<li>Mehr &amp; besser informierte Patienten<\/li>\n<\/ol>\t\t\t\t\t\t\t\t<\/div>\n\t\t\t\t<\/div>\n\t\t\t\t<div class=\"elementor-element elementor-element-03b4579 elementor-widget elementor-widget-text-editor\" data-id=\"03b4579\" data-element_type=\"widget\" data-e-type=\"widget\" data-widget_type=\"text-editor.default\">\n\t\t\t\t<div class=\"elementor-widget-container\">\n\t\t\t\t\t\t\t\t\tDie Initiative erh\u00f6ht das \u00f6ffentliche Bewusstsein f\u00fcr klinische Studien , mehr Patienten kennen Studien, kommen besser informiert und motivierter in Ihr Studienzentrum.\t\t\t\t\t\t\t\t<\/div>\n\t\t\t\t<\/div>\n\t\t\t\t<\/div>\n\t\t\t\t<\/div>\n\t\t<div class=\"elementor-element elementor-element-432cdae e-con-full e-flex e-con e-child\" data-id=\"432cdae\" data-element_type=\"container\" data-e-type=\"container\">\n\t\t\t\t<div class=\"elementor-element elementor-element-9e49d9b elementor-widget elementor-widget-image\" data-id=\"9e49d9b\" data-element_type=\"widget\" data-e-type=\"widget\" data-widget_type=\"image.default\">\n\t\t\t\t<div class=\"elementor-widget-container\">\n\t\t\t\t\t\t\t\t\t\t\t\t\t\t\t<img decoding=\"async\" width=\"74\" height=\"74\" src=\"https:\/\/bettertogetherberlin.com\/wp-content\/uploads\/2025\/06\/sucess-icon-1.svg\" class=\"attachment-full size-full wp-image-117\" alt=\"\" \/>\t\t\t\t\t\t\t\t\t\t\t\t\t\t\t<\/div>\n\t\t\t\t<\/div>\n\t\t<div class=\"elementor-element elementor-element-eb1c466 e-con-full e-flex e-con e-child\" data-id=\"eb1c466\" data-element_type=\"container\" data-e-type=\"container\">\n\t\t\t\t<div class=\"elementor-element elementor-element-07bc62e elementor-widget elementor-widget-text-editor\" data-id=\"07bc62e\" data-element_type=\"widget\" data-e-type=\"widget\" data-widget_type=\"text-editor.default\">\n\t\t\t\t<div class=\"elementor-widget-container\">\n\t\t\t\t\t\t\t\t\t<ol class=\"core-strategy\" start=\"2\">\n \t<li>H\u00f6here Anzahl an Patienten<\/li>\n<\/ol>\t\t\t\t\t\t\t\t<\/div>\n\t\t\t\t<\/div>\n\t\t\t\t<div class=\"elementor-element elementor-element-b79344b elementor-widget elementor-widget-text-editor\" data-id=\"b79344b\" data-element_type=\"widget\" data-e-type=\"widget\" data-widget_type=\"text-editor.default\">\n\t\t\t\t<div class=\"elementor-widget-container\">\n\t\t\t\t\t\t\t\t\tDurch breite Outreach-Ma\u00dfnahmen in Berlin (u.a. Kampagnen, Events) erhalten Studienzentren mehr vor-qualifizierte Patienten , ein stabilerer und planbarer Rekrutierungsprozess.\t\t\t\t\t\t\t\t<\/div>\n\t\t\t\t<\/div>\n\t\t\t\t<\/div>\n\t\t\t\t<\/div>\n\t\t<div class=\"elementor-element elementor-element-7c08cc7 e-con-full e-flex e-con e-child\" data-id=\"7c08cc7\" data-element_type=\"container\" data-e-type=\"container\">\n\t\t\t\t<div class=\"elementor-element elementor-element-c429cc9 elementor-widget elementor-widget-image\" data-id=\"c429cc9\" data-element_type=\"widget\" data-e-type=\"widget\" data-widget_type=\"image.default\">\n\t\t\t\t<div class=\"elementor-widget-container\">\n\t\t\t\t\t\t\t\t\t\t\t\t\t\t\t<img loading=\"lazy\" decoding=\"async\" width=\"74\" height=\"74\" src=\"https:\/\/bettertogetherberlin.com\/wp-content\/uploads\/2025\/06\/visibility.svg\" class=\"attachment-full size-full wp-image-118\" alt=\"\" \/>\t\t\t\t\t\t\t\t\t\t\t\t\t\t\t<\/div>\n\t\t\t\t<\/div>\n\t\t<div class=\"elementor-element elementor-element-492667e e-con-full e-flex e-con e-child\" data-id=\"492667e\" data-element_type=\"container\" data-e-type=\"container\">\n\t\t\t\t<div class=\"elementor-element elementor-element-57b5cdb elementor-widget elementor-widget-text-editor\" data-id=\"57b5cdb\" data-element_type=\"widget\" data-e-type=\"widget\" data-widget_type=\"text-editor.default\">\n\t\t\t\t<div class=\"elementor-widget-container\">\n\t\t\t\t\t\t\t\t\t<ol class=\"core-strategy\" start=\"3\">\n \t<li>Erh\u00f6hte Sichtbarkeit und<br> Reputation<\/li>\n<\/ol>\t\t\t\t\t\t\t\t<\/div>\n\t\t\t\t<\/div>\n\t\t\t\t<div class=\"elementor-element elementor-element-900c051 elementor-widget elementor-widget-text-editor\" data-id=\"900c051\" data-element_type=\"widget\" data-e-type=\"widget\" data-widget_type=\"text-editor.default\">\n\t\t\t\t<div class=\"elementor-widget-container\">\n\t\t\t\t\t\t\t\t\tTeilnehmende Studienzentren werden als exzellenter Partner in der Stadt gebrandet , das st\u00e4rkt Ihr Profil bei Patienten, Sponsoren und \u00fcberweisenden \u00c4rzten.\t\t\t\t\t\t\t\t<\/div>\n\t\t\t\t<\/div>\n\t\t\t\t<\/div>\n\t\t\t\t<\/div>\n\t\t\t\t<\/div>\n\t\t<div class=\"elementor-element elementor-element-dc0fa01 e-con-full e-flex e-con e-child\" data-id=\"dc0fa01\" data-element_type=\"container\" data-e-type=\"container\">\n\t\t<div class=\"elementor-element elementor-element-d75fcc7 e-con-full e-flex e-con e-child\" data-id=\"d75fcc7\" data-element_type=\"container\" data-e-type=\"container\">\n\t\t\t\t<div class=\"elementor-element elementor-element-18dd1a2 elementor-widget elementor-widget-image\" data-id=\"18dd1a2\" data-element_type=\"widget\" data-e-type=\"widget\" data-widget_type=\"image.default\">\n\t\t\t\t<div class=\"elementor-widget-container\">\n\t\t\t\t\t\t\t\t\t\t\t\t\t\t\t<img loading=\"lazy\" decoding=\"async\" width=\"75\" height=\"75\" src=\"https:\/\/bettertogetherberlin.com\/wp-content\/uploads\/2025\/06\/speed-icon.svg\" class=\"attachment-full size-full wp-image-126\" alt=\"\" \/>\t\t\t\t\t\t\t\t\t\t\t\t\t\t\t<\/div>\n\t\t\t\t<\/div>\n\t\t<div class=\"elementor-element elementor-element-af208ec e-con-full e-flex e-con e-child\" data-id=\"af208ec\" data-element_type=\"container\" data-e-type=\"container\">\n\t\t\t\t<div class=\"elementor-element elementor-element-ef7d5eb elementor-widget elementor-widget-text-editor\" data-id=\"ef7d5eb\" data-element_type=\"widget\" data-e-type=\"widget\" data-widget_type=\"text-editor.default\">\n\t\t\t\t<div class=\"elementor-widget-container\">\n\t\t\t\t\t\t\t\t\t<ol class=\"core-strategy\" start=\"4\">\n \t<li>Schnellere Studienaktivierung &amp; -rekrutierung<\/li>\n<\/ol>\t\t\t\t\t\t\t\t<\/div>\n\t\t\t\t<\/div>\n\t\t\t\t<div class=\"elementor-element elementor-element-5e862c3 elementor-widget elementor-widget-text-editor\" data-id=\"5e862c3\" data-element_type=\"widget\" data-e-type=\"widget\" data-widget_type=\"text-editor.default\">\n\t\t\t\t<div class=\"elementor-widget-container\">\n\t\t\t\t\t\t\t\t\tMehr Aufkl\u00e4rung f\u00fchrt zu k\u00fcrzeren Rekrutierungszeiten und reduziertem Druck auf Ihr Personal.\t\t\t\t\t\t\t\t<\/div>\n\t\t\t\t<\/div>\n\t\t\t\t<\/div>\n\t\t\t\t<\/div>\n\t\t<div class=\"elementor-element elementor-element-7c77fb9 e-con-full e-flex e-con e-child\" data-id=\"7c77fb9\" data-element_type=\"container\" data-e-type=\"container\">\n\t\t\t\t<div class=\"elementor-element elementor-element-035f844 elementor-widget elementor-widget-image\" data-id=\"035f844\" data-element_type=\"widget\" data-e-type=\"widget\" data-widget_type=\"image.default\">\n\t\t\t\t<div class=\"elementor-widget-container\">\n\t\t\t\t\t\t\t\t\t\t\t\t\t\t\t<img loading=\"lazy\" decoding=\"async\" width=\"77\" height=\"77\" src=\"\/wp-content\/uploads\/2025\/06\/Sponsor-icon-1.svg\" class=\"attachment-full size-full wp-image-125\" alt=\"\" \/>\t\t\t\t\t\t\t\t\t\t\t\t\t\t\t<\/div>\n\t\t\t\t<\/div>\n\t\t<div class=\"elementor-element elementor-element-34d3309 e-con-full e-flex e-con e-child\" data-id=\"34d3309\" data-element_type=\"container\" data-e-type=\"container\">\n\t\t\t\t<div class=\"elementor-element elementor-element-6497bca elementor-widget elementor-widget-text-editor\" data-id=\"6497bca\" data-element_type=\"widget\" data-e-type=\"widget\" data-widget_type=\"text-editor.default\">\n\t\t\t\t<div class=\"elementor-widget-container\">\n\t\t\t\t\t\t\t\t\t<ol class=\"core-strategy\" start=\"5\">\n \t<li>Neue Studien und Partner<\/li>\n<\/ol>\t\t\t\t\t\t\t\t<\/div>\n\t\t\t\t<\/div>\n\t\t\t\t<div class=\"elementor-element elementor-element-78c4725 elementor-widget elementor-widget-text-editor\" data-id=\"78c4725\" data-element_type=\"widget\" data-e-type=\"widget\" data-widget_type=\"text-editor.default\">\n\t\t\t\t<div class=\"elementor-widget-container\">\n\t\t\t\t\t\t\t\t\tAls teilnehmende Site gewinnen Sie an Strahlkraft gegen\u00fcber Sponsoren f\u00fcr zuk\u00fcnftige Studien.\t\t\t\t\t\t\t\t<\/div>\n\t\t\t\t<\/div>\n\t\t\t\t<\/div>\n\t\t\t\t<\/div>\n\t\t<div class=\"elementor-element elementor-element-b4cabb5 e-con-full e-flex e-con e-child\" data-id=\"b4cabb5\" data-element_type=\"container\" data-e-type=\"container\">\n\t\t\t\t<div class=\"elementor-element elementor-element-43cbdf1 elementor-widget elementor-widget-image\" data-id=\"43cbdf1\" data-element_type=\"widget\" data-e-type=\"widget\" data-widget_type=\"image.default\">\n\t\t\t\t<div class=\"elementor-widget-container\">\n\t\t\t\t\t\t\t\t\t\t\t\t\t\t\t<img loading=\"lazy\" decoding=\"async\" width=\"75\" height=\"75\" src=\"https:\/\/bettertogetherberlin.com\/wp-content\/uploads\/2025\/06\/Sponsor-icon-1.svg\" class=\"attachment-full size-full wp-image-124\" alt=\"\" \/>\t\t\t\t\t\t\t\t\t\t\t\t\t\t\t<\/div>\n\t\t\t\t<\/div>\n\t\t<div class=\"elementor-element elementor-element-e33e982 e-con-full e-flex e-con e-child\" data-id=\"e33e982\" data-element_type=\"container\" data-e-type=\"container\">\n\t\t\t\t<div class=\"elementor-element elementor-element-cf272ed elementor-widget elementor-widget-text-editor\" data-id=\"cf272ed\" data-element_type=\"widget\" data-e-type=\"widget\" data-widget_type=\"text-editor.default\">\n\t\t\t\t<div class=\"elementor-widget-container\">\n\t\t\t\t\t\t\t\t\t<ol class=\"core-strategy\" start=\"6\"><li>Neue M\u00f6glichkeiten f\u00fcr Sponsoren<\/li><\/ol>\t\t\t\t\t\t\t\t<\/div>\n\t\t\t\t<\/div>\n\t\t\t\t<div class=\"elementor-element elementor-element-938f097 elementor-widget elementor-widget-text-editor\" data-id=\"938f097\" data-element_type=\"widget\" data-e-type=\"widget\" data-widget_type=\"text-editor.default\">\n\t\t\t\t<div class=\"elementor-widget-container\">\n\t\t\t\t\t\t\t\t\tDie teilnehmenden Studienzentren werden in der Stadt als f\u00fchrende Forschungszentren pr\u00e4sentiert \u2013 und gewinnen dadurch mehr Vertrauen bei Patient:innen, Sponsoren und \u00fcberweisenden \u00c4rzt:innen.\t\t\t\t\t\t\t\t<\/div>\n\t\t\t\t<\/div>\n\t\t\t\t<\/div>\n\t\t\t\t<\/div>\n\t\t\t\t<\/div>\n\t\t\t\t\t<\/div>\n\t\t\t\t<\/div>\n\t\t<div class=\"elementor-element elementor-element-3663bab e-flex e-con-boxed e-con e-parent\" data-id=\"3663bab\" data-element_type=\"container\" data-e-type=\"container\">\n\t\t\t\t\t<div class=\"e-con-inner\">\n\t\t\t\t<div class=\"elementor-element elementor-element-1eb72be elementor-widget elementor-widget-heading\" data-id=\"1eb72be\" data-element_type=\"widget\" data-e-type=\"widget\" data-widget_type=\"heading.default\">\n\t\t\t\t<div class=\"elementor-widget-container\">\n\t\t\t\t\t<h2 class=\"elementor-heading-title elementor-size-default\">Welche Ergebnisse k\u00f6nnen Sie erwarten?<\/h2>\t\t\t\t<\/div>\n\t\t\t\t<\/div>\n\t\t\t\t<div class=\"elementor-element elementor-element-0fd286c elementor-icon-list--layout-traditional elementor-list-item-link-full_width elementor-widget elementor-widget-icon-list\" data-id=\"0fd286c\" data-element_type=\"widget\" data-e-type=\"widget\" data-widget_type=\"icon-list.default\">\n\t\t\t\t<div class=\"elementor-widget-container\">\n\t\t\t\t\t\t\t<ul class=\"elementor-icon-list-items\">\n\t\t\t\t\t\t\t<li class=\"elementor-icon-list-item\">\n\t\t\t\t\t\t\t\t\t\t\t<span class=\"elementor-icon-list-icon\">\n\t\t\t\t\t\t\t<svg xmlns=\"http:\/\/www.w3.org\/2000\/svg\" width=\"32\" height=\"32\" viewbox=\"0 0 32 32\" fill=\"none\"><path d=\"M31 16C31 24.314 24.2558 31 16 31C7.74419 31 1 24.2558 1 16C1 7.74419 7.74419 1 16 1C16.9302 1 17.8023 1.05814 18.6744 1.23256\" stroke=\"#047BC1\" stroke-width=\"2\" stroke-linecap=\"round\" stroke-linejoin=\"round\"><\/path><path d=\"M11 15.1279L16.1744 19.9535L30.1279 2.22095\" stroke=\"#047BC1\" stroke-width=\"2\" stroke-linecap=\"round\" stroke-linejoin=\"round\"><\/path><\/svg>\t\t\t\t\t\t<\/span>\n\t\t\t\t\t\t\t\t\t\t<span class=\"elementor-icon-list-text\"><span class=\"bigger-text\">Mehr Patienten, die Interesse an Studien \u00e4u\u00dfern<\/span><br>dank \u00f6ffentlicher Kampagnen, Arzt-Einbindung und lokaler Reichweite.<\/span>\n\t\t\t\t\t\t\t\t\t<\/li>\n\t\t\t\t\t\t\t\t<li class=\"elementor-icon-list-item\">\n\t\t\t\t\t\t\t\t\t\t\t<span class=\"elementor-icon-list-icon\">\n\t\t\t\t\t\t\t<svg xmlns=\"http:\/\/www.w3.org\/2000\/svg\" width=\"32\" height=\"32\" viewbox=\"0 0 32 32\" fill=\"none\"><path d=\"M31 16C31 24.314 24.2558 31 16 31C7.74419 31 1 24.2558 1 16C1 7.74419 7.74419 1 16 1C16.9302 1 17.8023 1.05814 18.6744 1.23256\" stroke=\"#047BC1\" stroke-width=\"2\" stroke-linecap=\"round\" stroke-linejoin=\"round\"><\/path><path d=\"M11 15.1279L16.1744 19.9535L30.1279 2.22095\" stroke=\"#047BC1\" stroke-width=\"2\" stroke-linecap=\"round\" stroke-linejoin=\"round\"><\/path><\/svg>\t\t\t\t\t\t<\/span>\n\t\t\t\t\t\t\t\t\t\t<span class=\"elementor-icon-list-text\"><span class=\"bigger-text\">Bessere Screening- und Randomisierungsraten<\/span><br>weil Patienten die Motivation der Studienteilnahme bereits vor dem ersten Besuch verstehen.<\/span>\n\t\t\t\t\t\t\t\t\t<\/li>\n\t\t\t\t\t\t\t\t<li class=\"elementor-icon-list-item\">\n\t\t\t\t\t\t\t\t\t\t\t<span class=\"elementor-icon-list-icon\">\n\t\t\t\t\t\t\t<svg xmlns=\"http:\/\/www.w3.org\/2000\/svg\" width=\"32\" height=\"32\" viewbox=\"0 0 32 32\" fill=\"none\"><path d=\"M31 16C31 24.314 24.2558 31 16 31C7.74419 31 1 24.2558 1 16C1 7.74419 7.74419 1 16 1C16.9302 1 17.8023 1.05814 18.6744 1.23256\" stroke=\"#047BC1\" stroke-width=\"2\" stroke-linecap=\"round\" stroke-linejoin=\"round\"><\/path><path d=\"M11 15.1279L16.1744 19.9535L30.1279 2.22095\" stroke=\"#047BC1\" stroke-width=\"2\" stroke-linecap=\"round\" stroke-linejoin=\"round\"><\/path><\/svg>\t\t\t\t\t\t<\/span>\n\t\t\t\t\t\t\t\t\t\t<span class=\"elementor-icon-list-text\"><span class=\"bigger-text\">K\u00fcrzere Rekrutierungszeiten<\/span><br>reduzieren den Druck auf das Site-Personal und helfen, Einschreibungen schneller abzuschlie\u00dfen.<\/span>\n\t\t\t\t\t\t\t\t\t<\/li>\n\t\t\t\t\t\t\t\t<li class=\"elementor-icon-list-item\">\n\t\t\t\t\t\t\t\t\t\t\t<span class=\"elementor-icon-list-icon\">\n\t\t\t\t\t\t\t<svg xmlns=\"http:\/\/www.w3.org\/2000\/svg\" width=\"32\" height=\"32\" viewbox=\"0 0 32 32\" fill=\"none\"><path d=\"M31 16C31 24.314 24.2558 31 16 31C7.74419 31 1 24.2558 1 16C1 7.74419 7.74419 1 16 1C16.9302 1 17.8023 1.05814 18.6744 1.23256\" stroke=\"#047BC1\" stroke-width=\"2\" stroke-linecap=\"round\" stroke-linejoin=\"round\"><\/path><path d=\"M11 15.1279L16.1744 19.9535L30.1279 2.22095\" stroke=\"#047BC1\" stroke-width=\"2\" stroke-linecap=\"round\" stroke-linejoin=\"round\"><\/path><\/svg>\t\t\t\t\t\t<\/span>\n\t\t\t\t\t\t\t\t\t\t<span class=\"elementor-icon-list-text\"><span class=\"bigger-text\">St\u00e4rkere Positionierung f\u00fcr zuk\u00fcnftige Studien<\/span><br>Sponsoren priorisieren engagierte High-Recruiting-Sites f\u00fcr kommende Studien.<\/span>\n\t\t\t\t\t\t\t\t\t<\/li>\n\t\t\t\t\t\t\t\t<li class=\"elementor-icon-list-item\">\n\t\t\t\t\t\t\t\t\t\t\t<span class=\"elementor-icon-list-icon\">\n\t\t\t\t\t\t\t<svg xmlns=\"http:\/\/www.w3.org\/2000\/svg\" width=\"32\" height=\"32\" viewbox=\"0 0 32 32\" fill=\"none\"><path d=\"M31 16C31 24.314 24.2558 31 16 31C7.74419 31 1 24.2558 1 16C1 7.74419 7.74419 1 16 1C16.9302 1 17.8023 1.05814 18.6744 1.23256\" stroke=\"#047BC1\" stroke-width=\"2\" stroke-linecap=\"round\" stroke-linejoin=\"round\"><\/path><path d=\"M11 15.1279L16.1744 19.9535L30.1279 2.22095\" stroke=\"#047BC1\" stroke-width=\"2\" stroke-linecap=\"round\" stroke-linejoin=\"round\"><\/path><\/svg>\t\t\t\t\t\t<\/span>\n\t\t\t\t\t\t\t\t\t\t<span class=\"elementor-icon-list-text\"><span class=\"bigger-text\">Teil einer Berliner Vorzeigeinitiative sein<\/span><br>steigert das Prestige Ihrer Site und zeigt Ihr Engagement f\u00fcr Innovation und patientenzentrierte Forschung.<\/span>\n\t\t\t\t\t\t\t\t\t<\/li>\n\t\t\t\t\t\t<\/ul>\n\t\t\t\t\t\t<\/div>\n\t\t\t\t<\/div>\n\t\t\t\t\t<\/div>\n\t\t\t\t<\/div>\n\t\t<div class=\"elementor-element elementor-element-e4a8673 e-flex e-con-boxed e-con e-parent\" data-id=\"e4a8673\" data-element_type=\"container\" data-e-type=\"container\" data-settings=\"{&quot;background_background&quot;:&quot;classic&quot;}\">\n\t\t\t\t\t<div class=\"e-con-inner\">\n\t\t\t\t<div class=\"elementor-element elementor-element-4c170b8 elementor-widget elementor-widget-heading\" data-id=\"4c170b8\" data-element_type=\"widget\" data-e-type=\"widget\" data-widget_type=\"heading.default\">\n\t\t\t\t<div class=\"elementor-widget-container\">\n\t\t\t\t\t<h2 class=\"elementor-heading-title elementor-size-default\">Interessiert, Teil dieses Projekts zu werden?<\/h2>\t\t\t\t<\/div>\n\t\t\t\t<\/div>\n\t\t\t\t<div class=\"elementor-element elementor-element-e5f9410 elementor-widget elementor-widget-text-editor\" data-id=\"e5f9410\" data-element_type=\"widget\" data-e-type=\"widget\" data-widget_type=\"text-editor.default\">\n\t\t\t\t<div class=\"elementor-widget-container\">\n\t\t\t\t\t\t\t\t\t<p>Beschleunigen Sie die Patientenrekrutierung, verbessern Sie die Kommunikation und st\u00e4rken Sie Ihre Sponsor-Beziehungen. Schlie\u00dfen Sie sich unserer Initiative an und werden Sie Teil einer vernetzten, effizienteren und wirkungsvolleren Forschungs-Community. <strong>Jetzt anmelden und einen Unterschied machen.<\/strong><\/p>\t\t\t\t\t\t\t\t<\/div>\n\t\t\t\t<\/div>\n\t\t\t\t<div class=\"elementor-element elementor-element-5b6a9b8 elementor-widget elementor-widget-button\" data-id=\"5b6a9b8\" data-element_type=\"widget\" data-e-type=\"widget\" data-widget_type=\"button.default\">\n\t\t\t\t<div class=\"elementor-widget-container\">\n\t\t\t\t\t\t\t\t\t<div class=\"elementor-button-wrapper\">\n\t\t\t\t\t<a class=\"elementor-button elementor-button-link elementor-size-sm\" href=\"https:\/\/outlook.office365.com\/book\/BookameetingwithMoritzKloss@clariness.com\/?ismsaljsauthenabled=true\" target=\"_blank\" rel=\"noopener\">\n\t\t\t\t\t\t<span class=\"elementor-button-content-wrapper\">\n\t\t\t\t\t\t\t\t\t<span class=\"elementor-button-text\">Kontakt aufnehmen<\/span>\n\t\t\t\t\t<\/span>\n\t\t\t\t\t<\/a>\n\t\t\t\t<\/div>\n\t\t\t\t\t\t\t\t<\/div>\n\t\t\t\t<\/div>\n\t\t\t\t\t<\/div>\n\t\t\t\t<\/div>\n\t\t\t\t<\/div>","protected":false},"excerpt":{"rendered":"<p>For Sites Join to enhance your research capabilities Get more patients, enhance efficiencies, and build upon your reputation Why should you participate in this project? More &#038; better-prepared patients The initiative raises public awareness about clinical trials, meaning more patients know about studies \u2014 leading to better informed, and more motivated patients visiting your site. [&hellip;]<\/p>\n","protected":false},"author":2,"featured_media":0,"parent":14,"menu_order":0,"comment_status":"closed","ping_status":"closed","template":"","meta":{"footnotes":""},"class_list":["post-19","page","type-page","status-publish","hentry"],"_links":{"self":[{"href":"https:\/\/bettertogetherberlin.com\/de-de\/wp-json\/wp\/v2\/pages\/19","targetHints":{"allow":["GET"]}}],"collection":[{"href":"https:\/\/bettertogetherberlin.com\/de-de\/wp-json\/wp\/v2\/pages"}],"about":[{"href":"https:\/\/bettertogetherberlin.com\/de-de\/wp-json\/wp\/v2\/types\/page"}],"author":[{"embeddable":true,"href":"https:\/\/bettertogetherberlin.com\/de-de\/wp-json\/wp\/v2\/users\/2"}],"replies":[{"embeddable":true,"href":"https:\/\/bettertogetherberlin.com\/de-de\/wp-json\/wp\/v2\/comments?post=19"}],"version-history":[{"count":0,"href":"https:\/\/bettertogetherberlin.com\/de-de\/wp-json\/wp\/v2\/pages\/19\/revisions"}],"up":[{"embeddable":true,"href":"https:\/\/bettertogetherberlin.com\/de-de\/wp-json\/wp\/v2\/pages\/14"}],"wp:attachment":[{"href":"https:\/\/bettertogetherberlin.com\/de-de\/wp-json\/wp\/v2\/media?parent=19"}],"curies":[{"name":"wp","href":"https:\/\/api.w.org\/{rel}","templated":true}]}}