{"id":574,"date":"2025-11-18T13:02:21","date_gmt":"2025-11-18T13:02:21","guid":{"rendered":"https:\/\/clarinessbt.wpenginepowered.com\/?page_id=574"},"modified":"2025-11-19T08:21:49","modified_gmt":"2025-11-19T08:21:49","slug":"partners-supporters","status":"publish","type":"page","link":"https:\/\/bettertogetherberlin.com\/tr-de\/partners-supporters\/","title":{"rendered":"Ortaklar &amp; Destek\u00e7iler"},"content":{"rendered":"<div data-elementor-type=\"wp-page\" data-elementor-id=\"574\" class=\"elementor elementor-574\" data-elementor-post-type=\"page\">\n\t\t\t\t<div class=\"elementor-element elementor-element-063c6c2 heroSection e-flex e-con-boxed e-con e-parent\" data-id=\"063c6c2\" data-element_type=\"container\" data-e-type=\"container\" data-settings=\"{&quot;background_background&quot;:&quot;classic&quot;}\">\n\t\t\t\t\t<div class=\"e-con-inner\">\n\t\t<div class=\"elementor-element elementor-element-8e9c807 e-con-full e-flex elementor-invisible e-con e-child\" data-id=\"8e9c807\" data-element_type=\"container\" data-e-type=\"container\" data-settings=\"{&quot;animation&quot;:&quot;zoomIn&quot;}\">\n\t\t\t\t<div class=\"elementor-element elementor-element-0d83cb0 elementor-widget elementor-widget-heading\" data-id=\"0d83cb0\" data-element_type=\"widget\" data-e-type=\"widget\" data-widget_type=\"heading.default\">\n\t\t\t\t<div class=\"elementor-widget-container\">\n\t\t\t\t\t<h1 class=\"elementor-heading-title elementor-size-default\">Ortaklar\u0131m\u0131z ve Destek\u00e7ilerimiz<\/h1>\t\t\t\t<\/div>\n\t\t\t\t<\/div>\n\t\t\t\t<div class=\"elementor-element elementor-element-3df9017 elementor-hidden-desktop elementor-hidden-tablet elementor-widget elementor-widget-image\" data-id=\"3df9017\" data-element_type=\"widget\" data-e-type=\"widget\" data-widget_type=\"image.default\">\n\t\t\t\t<div class=\"elementor-widget-container\">\n\t\t\t\t\t\t\t\t\t\t\t\t\t\t\t<img fetchpriority=\"high\" decoding=\"async\" width=\"800\" height=\"375\" src=\"https:\/\/bettertogetherberlin.com\/wp-content\/uploads\/2025\/11\/berlin_equalizer_newsletter1.webp\" class=\"attachment-large size-large wp-image-577\" alt=\"\" srcset=\"https:\/\/bettertogetherberlin.com\/wp-content\/uploads\/2025\/11\/berlin_equalizer_newsletter1.webp 905w, https:\/\/bettertogetherberlin.com\/wp-content\/uploads\/2025\/11\/berlin_equalizer_newsletter1-300x141.webp 300w, https:\/\/bettertogetherberlin.com\/wp-content\/uploads\/2025\/11\/berlin_equalizer_newsletter1-768x360.webp 768w, https:\/\/bettertogetherberlin.com\/wp-content\/uploads\/2025\/11\/berlin_equalizer_newsletter1-18x8.webp 18w\" sizes=\"(max-width: 800px) 100vw, 800px\" \/>\t\t\t\t\t\t\t\t\t\t\t\t\t\t\t<\/div>\n\t\t\t\t<\/div>\n\t\t\t\t<\/div>\n\t\t<div class=\"elementor-element elementor-element-e5524ba e-con-full elementor-hidden-mobile e-flex e-con e-child\" data-id=\"e5524ba\" data-element_type=\"container\" data-e-type=\"container\">\n\t\t\t\t<\/div>\n\t\t\t\t\t<\/div>\n\t\t\t\t<\/div>\n\t\t<div class=\"elementor-element elementor-element-1411ef9 e-flex e-con-boxed e-con e-parent\" data-id=\"1411ef9\" data-element_type=\"container\" data-e-type=\"container\">\n\t\t\t\t\t<div class=\"e-con-inner\">\n\t\t\t\t<div class=\"elementor-element elementor-element-2d3c7b3 partnercontact elementor-widget elementor-widget-text-editor\" data-id=\"2d3c7b3\" data-element_type=\"widget\" data-e-type=\"widget\" data-widget_type=\"text-editor.default\">\n\t\t\t\t<div class=\"elementor-widget-container\">\n\t\t\t\t\t\t\t\t\t<p><strong>Bu giri\u015fimi ileriye ta\u015f\u0131yan baz\u0131 ortaklar\u0131m\u0131z\u0131* gururla \u00f6ne \u00e7\u0131kar\u0131yoruz.<\/strong><\/p>\t\t\t\t\t\t\t\t<\/div>\n\t\t\t\t<\/div>\n\t\t\t\t\t<\/div>\n\t\t\t\t<\/div>\n\t\t<div class=\"elementor-element elementor-element-19cbbe7 partnerlogowrapper e-flex e-con-boxed elementor-invisible e-con e-parent\" data-id=\"19cbbe7\" data-element_type=\"container\" data-e-type=\"container\" data-settings=\"{&quot;animation&quot;:&quot;fadeIn&quot;}\">\n\t\t\t\t\t<div class=\"e-con-inner\">\n\t\t<div class=\"elementor-element elementor-element-e713461 e-con-full partnerlogo e-flex e-con e-child\" data-id=\"e713461\" data-element_type=\"container\" data-e-type=\"container\">\n\t\t\t\t<div class=\"elementor-element elementor-element-b888968 elementor-widget elementor-widget-image\" data-id=\"b888968\" data-element_type=\"widget\" data-e-type=\"widget\" data-widget_type=\"image.default\">\n\t\t\t\t<div class=\"elementor-widget-container\">\n\t\t\t\t\t\t\t\t\t\t\t\t\t\t\t<img decoding=\"async\" width=\"212\" height=\"36\" src=\"https:\/\/bettertogetherberlin.com\/wp-content\/uploads\/2025\/10\/futuremeds.webp\" class=\"attachment-large size-large wp-image-561\" alt=\"\" srcset=\"https:\/\/bettertogetherberlin.com\/wp-content\/uploads\/2025\/10\/futuremeds.webp 212w, https:\/\/bettertogetherberlin.com\/wp-content\/uploads\/2025\/10\/futuremeds-18x3.webp 18w\" sizes=\"(max-width: 212px) 100vw, 212px\" \/>\t\t\t\t\t\t\t\t\t\t\t\t\t\t\t<\/div>\n\t\t\t\t<\/div>\n\t\t\t\t<\/div>\n\t\t<div class=\"elementor-element elementor-element-cce4012 e-con-full partnerlogo e-flex e-con e-child\" data-id=\"cce4012\" data-element_type=\"container\" data-e-type=\"container\">\n\t\t\t\t<div class=\"elementor-element elementor-element-a7db69a elementor-widget elementor-widget-image\" data-id=\"a7db69a\" data-element_type=\"widget\" data-e-type=\"widget\" data-widget_type=\"image.default\">\n\t\t\t\t<div class=\"elementor-widget-container\">\n\t\t\t\t\t\t\t\t\t\t\t\t\t\t\t<img decoding=\"async\" width=\"134\" height=\"58\" src=\"https:\/\/bettertogetherberlin.com\/wp-content\/uploads\/2025\/10\/velocity.webp\" class=\"attachment-large size-large wp-image-565\" alt=\"\" srcset=\"https:\/\/bettertogetherberlin.com\/wp-content\/uploads\/2025\/10\/velocity.webp 134w, https:\/\/bettertogetherberlin.com\/wp-content\/uploads\/2025\/10\/velocity-18x8.webp 18w\" sizes=\"(max-width: 134px) 100vw, 134px\" \/>\t\t\t\t\t\t\t\t\t\t\t\t\t\t\t<\/div>\n\t\t\t\t<\/div>\n\t\t\t\t<\/div>\n\t\t<div class=\"elementor-element elementor-element-ba3387a e-con-full partnerlogo e-flex e-con e-child\" data-id=\"ba3387a\" data-element_type=\"container\" data-e-type=\"container\">\n\t\t\t\t<div class=\"elementor-element elementor-element-b79d795 elementor-widget elementor-widget-image\" data-id=\"b79d795\" data-element_type=\"widget\" data-e-type=\"widget\" data-widget_type=\"image.default\">\n\t\t\t\t<div class=\"elementor-widget-container\">\n\t\t\t\t\t\t\t\t\t\t\t\t\t\t\t<img loading=\"lazy\" decoding=\"async\" width=\"158\" height=\"58\" src=\"https:\/\/bettertogetherberlin.com\/wp-content\/uploads\/2025\/10\/pratia.webp\" class=\"attachment-large size-large wp-image-564\" alt=\"\" srcset=\"https:\/\/bettertogetherberlin.com\/wp-content\/uploads\/2025\/10\/pratia.webp 158w, https:\/\/bettertogetherberlin.com\/wp-content\/uploads\/2025\/10\/pratia-18x7.webp 18w\" sizes=\"(max-width: 158px) 100vw, 158px\" \/>\t\t\t\t\t\t\t\t\t\t\t\t\t\t\t<\/div>\n\t\t\t\t<\/div>\n\t\t\t\t<\/div>\n\t\t<div class=\"elementor-element elementor-element-9cb7572 e-con-full partnerlogo e-flex e-con e-child\" data-id=\"9cb7572\" data-element_type=\"container\" data-e-type=\"container\">\n\t\t\t\t<div class=\"elementor-element elementor-element-74ebd6b elementor-widget elementor-widget-image\" data-id=\"74ebd6b\" data-element_type=\"widget\" data-e-type=\"widget\" data-widget_type=\"image.default\">\n\t\t\t\t<div class=\"elementor-widget-container\">\n\t\t\t\t\t\t\t\t\t\t\t\t\t\t\t<img loading=\"lazy\" decoding=\"async\" width=\"126\" height=\"35\" src=\"https:\/\/bettertogetherberlin.com\/wp-content\/uploads\/2025\/10\/clinlife.webp\" class=\"attachment-large size-large wp-image-562\" alt=\"\" srcset=\"https:\/\/bettertogetherberlin.com\/wp-content\/uploads\/2025\/10\/clinlife.webp 126w, https:\/\/bettertogetherberlin.com\/wp-content\/uploads\/2025\/10\/clinlife-18x5.webp 18w\" sizes=\"(max-width: 126px) 100vw, 126px\" \/>\t\t\t\t\t\t\t\t\t\t\t\t\t\t\t<\/div>\n\t\t\t\t<\/div>\n\t\t\t\t<\/div>\n\t\t\t\t\t<\/div>\n\t\t\t\t<\/div>\n\t\t<div class=\"elementor-element elementor-element-f6372e4 partnerlogowrapper e-flex e-con-boxed elementor-invisible e-con e-parent\" data-id=\"f6372e4\" data-element_type=\"container\" data-e-type=\"container\" data-settings=\"{&quot;animation&quot;:&quot;fadeIn&quot;}\">\n\t\t\t\t\t<div class=\"e-con-inner\">\n\t\t<div class=\"elementor-element elementor-element-a0fc57e e-con-full partnerlogo e-flex e-con e-child\" data-id=\"a0fc57e\" data-element_type=\"container\" data-e-type=\"container\">\n\t\t\t\t<div class=\"elementor-element elementor-element-f940e15 elementor-widget elementor-widget-image\" data-id=\"f940e15\" data-element_type=\"widget\" data-e-type=\"widget\" data-widget_type=\"image.default\">\n\t\t\t\t<div class=\"elementor-widget-container\">\n\t\t\t\t\t\t\t\t\t\t\t\t\t\t\t<img loading=\"lazy\" decoding=\"async\" width=\"192\" height=\"134\" src=\"https:\/\/bettertogetherberlin.com\/wp-content\/uploads\/2025\/10\/logo_dr.brunk_gray1.webp\" class=\"attachment-large size-large wp-image-566\" alt=\"\" srcset=\"https:\/\/bettertogetherberlin.com\/wp-content\/uploads\/2025\/10\/logo_dr.brunk_gray1.webp 192w, https:\/\/bettertogetherberlin.com\/wp-content\/uploads\/2025\/10\/logo_dr.brunk_gray1-18x12.webp 18w\" sizes=\"(max-width: 192px) 100vw, 192px\" \/>\t\t\t\t\t\t\t\t\t\t\t\t\t\t\t<\/div>\n\t\t\t\t<\/div>\n\t\t\t\t<\/div>\n\t\t<div class=\"elementor-element elementor-element-e482157 e-con-full partnerlogo e-flex e-con e-child\" data-id=\"e482157\" data-element_type=\"container\" data-e-type=\"container\">\n\t\t\t\t<div class=\"elementor-element elementor-element-db79fb8 elementor-widget elementor-widget-image\" data-id=\"db79fb8\" data-element_type=\"widget\" data-e-type=\"widget\" data-widget_type=\"image.default\">\n\t\t\t\t<div class=\"elementor-widget-container\">\n\t\t\t\t\t\t\t\t\t\t\t\t\t\t\t<img loading=\"lazy\" decoding=\"async\" width=\"154\" height=\"79\" src=\"https:\/\/bettertogetherberlin.com\/wp-content\/uploads\/2025\/10\/720-healthmedia.webp\" class=\"attachment-large size-large wp-image-563\" alt=\"\" srcset=\"https:\/\/bettertogetherberlin.com\/wp-content\/uploads\/2025\/10\/720-healthmedia.webp 154w, https:\/\/bettertogetherberlin.com\/wp-content\/uploads\/2025\/10\/720-healthmedia-18x9.webp 18w\" sizes=\"(max-width: 154px) 100vw, 154px\" \/>\t\t\t\t\t\t\t\t\t\t\t\t\t\t\t<\/div>\n\t\t\t\t<\/div>\n\t\t\t\t<\/div>\n\t\t<div class=\"elementor-element elementor-element-b0850f1 e-con-full partnerlogo e-flex e-con e-child\" data-id=\"b0850f1\" data-element_type=\"container\" data-e-type=\"container\">\n\t\t\t\t<div class=\"elementor-element elementor-element-aafd4f8 elementor-widget elementor-widget-image\" data-id=\"aafd4f8\" data-element_type=\"widget\" data-e-type=\"widget\" data-widget_type=\"image.default\">\n\t\t\t\t<div class=\"elementor-widget-container\">\n\t\t\t\t\t\t\t\t\t\t\t\t\t\t\t<img loading=\"lazy\" decoding=\"async\" width=\"84\" height=\"65\" src=\"https:\/\/bettertogetherberlin.com\/wp-content\/uploads\/2025\/10\/wb.webp\" class=\"attachment-large size-large wp-image-560\" alt=\"\" srcset=\"https:\/\/bettertogetherberlin.com\/wp-content\/uploads\/2025\/10\/wb.webp 84w, https:\/\/bettertogetherberlin.com\/wp-content\/uploads\/2025\/10\/wb-16x12.webp 16w\" sizes=\"(max-width: 84px) 100vw, 84px\" \/>\t\t\t\t\t\t\t\t\t\t\t\t\t\t\t<\/div>\n\t\t\t\t<\/div>\n\t\t\t\t<\/div>\n\t\t<div class=\"elementor-element elementor-element-1b09b60 e-con-full partnerlogo e-flex e-con e-child\" data-id=\"1b09b60\" data-element_type=\"container\" data-e-type=\"container\">\n\t\t\t\t<div class=\"elementor-element elementor-element-44027de elementor-widget elementor-widget-image\" data-id=\"44027de\" data-element_type=\"widget\" data-e-type=\"widget\" data-widget_type=\"image.default\">\n\t\t\t\t<div class=\"elementor-widget-container\">\n\t\t\t\t\t\t\t\t\t\t\t\t\t\t\t<img loading=\"lazy\" decoding=\"async\" width=\"82\" height=\"64\" src=\"https:\/\/bettertogetherberlin.com\/wp-content\/uploads\/2025\/10\/hcppublishinggroup.webp\" class=\"attachment-large size-large wp-image-567\" alt=\"\" srcset=\"https:\/\/bettertogetherberlin.com\/wp-content\/uploads\/2025\/10\/hcppublishinggroup.webp 82w, https:\/\/bettertogetherberlin.com\/wp-content\/uploads\/2025\/10\/hcppublishinggroup-15x12.webp 15w\" sizes=\"(max-width: 82px) 100vw, 82px\" \/>\t\t\t\t\t\t\t\t\t\t\t\t\t\t\t<\/div>\n\t\t\t\t<\/div>\n\t\t\t\t<\/div>\n\t\t\t\t\t<\/div>\n\t\t\t\t<\/div>\n\t\t<div class=\"elementor-element elementor-element-7a4ee3c e-flex e-con-boxed e-con e-parent\" data-id=\"7a4ee3c\" data-element_type=\"container\" data-e-type=\"container\">\n\t\t\t\t\t<div class=\"e-con-inner\">\n\t\t\t\t<div class=\"elementor-element elementor-element-f9ae3d6 partnercontact elementor-widget elementor-widget-text-editor\" data-id=\"f9ae3d6\" data-element_type=\"widget\" data-e-type=\"widget\" data-widget_type=\"text-editor.default\">\n\t\t\t\t<div class=\"elementor-widget-container\">\n\t\t\t\t\t\t\t\t\t<p>*Sadece bir se\u00e7ki g\u00f6sterilmektedir. Bir\u00e7ok kurulu\u015f listelenmeyi tercih etmedi ve sponsor isimlerini bilin\u00e7li olarak dahil etmiyoruz; \u00e7\u00fcnk\u00fc \u00f6nceli\u011fimiz hastalar ve kliniklerdir. Genel olarak, bu projeye 40\u2019tan fazla kurulu\u015f katk\u0131da bulunmaktad\u0131r.<\/p>\t\t\t\t\t\t\t\t<\/div>\n\t\t\t\t<\/div>\n\t\t\t\t\t<\/div>\n\t\t\t\t<\/div>\n\t\t<div class=\"elementor-element elementor-element-3d40e36 ctaSection e-flex e-con-boxed elementor-invisible e-con e-parent\" data-id=\"3d40e36\" data-element_type=\"container\" data-e-type=\"container\" data-settings=\"{&quot;background_background&quot;:&quot;classic&quot;,&quot;animation&quot;:&quot;fadeIn&quot;}\">\n\t\t\t\t\t<div class=\"e-con-inner\">\n\t\t<div class=\"elementor-element elementor-element-119d0ee e-con-full e-flex e-con e-child\" data-id=\"119d0ee\" data-element_type=\"container\" data-e-type=\"container\">\n\t\t\t\t<div class=\"elementor-element elementor-element-6ef009a partnercontact elementor-widget elementor-widget-text-editor\" data-id=\"6ef009a\" data-element_type=\"widget\" data-e-type=\"widget\" data-widget_type=\"text-editor.default\">\n\t\t\t\t<div class=\"elementor-widget-container\">\n\t\t\t\t\t\t\t\t\t<p><strong>Berlin'den CANLI yay\u0131n \u2013 3 kas\u0131m'da Better Together Berlin a\u00e7\u0131l\u0131\u015f etkinli\u011fimizden<\/strong><\/p>\t\t\t\t\t\t\t\t<\/div>\n\t\t\t\t<\/div>\n\t\t\t\t<div class=\"elementor-element elementor-element-d382218 partnercontact elementor-widget elementor-widget-text-editor\" data-id=\"d382218\" data-element_type=\"widget\" data-e-type=\"widget\" data-widget_type=\"text-editor.default\">\n\t\t\t\t<div class=\"elementor-widget-container\">\n\t\t\t\t\t\t\t\t\tKlinik ara\u015ft\u0131rma ekosisteminde yer alan bir \u015firket veya kurumsan\u0131z ve projeye destek veya projenin bir par\u00e7as\u0131 olmak istiyorsan\u0131z do\u011fru yerdesiniz \u2013 <a href=\"\/contact\" target=\"_blank\" rel=\"noopener\">buraya t\u0131klay\u0131n<\/a>.\t\t\t\t\t\t\t\t<\/div>\n\t\t\t\t<\/div>\n\t\t\t\t<\/div>\n\t\t<div class=\"elementor-element elementor-element-e2452b4 e-con-full e-flex e-con e-child\" data-id=\"e2452b4\" data-element_type=\"container\" data-e-type=\"container\">\n\t\t\t\t<div class=\"elementor-element elementor-element-35b1757 elementor-widget elementor-widget-video\" data-id=\"35b1757\" data-element_type=\"widget\" data-e-type=\"widget\" data-settings=\"{&quot;video_type&quot;:&quot;hosted&quot;,&quot;show_image_overlay&quot;:&quot;yes&quot;,&quot;image_overlay&quot;:{&quot;url&quot;:&quot;https:\\\/\\\/bettertogetherberlin.com\\\/wp-content\\\/uploads\\\/2025\\\/11\\\/video.webp&quot;,&quot;id&quot;:580,&quot;size&quot;:&quot;&quot;,&quot;alt&quot;:&quot;&quot;,&quot;source&quot;:&quot;library&quot;},&quot;controls&quot;:&quot;yes&quot;}\" data-widget_type=\"video.default\">\n\t\t\t\t<div class=\"elementor-widget-container\">\n\t\t\t\t\t\t\t<div class=\"e-hosted-video elementor-wrapper elementor-open-inline\">\n\t\t\t\t\t<video class=\"elementor-video\" src=\"\/wp-content\/uploads\/2025\/11\/Better Together Berlin Event News Video.mp4\" controls=\"\" preload=\"metadata\" controlslist=\"nodownload\"><\/video>\n\t\t\t\t\t\t<div class=\"elementor-custom-embed-image-overlay\" style=\"background-image: url(https:\/\/bettertogetherberlin.com\/wp-content\/uploads\/2025\/11\/video.webp);\">\n\t\t\t\t\t\t\t\t\t\t\t\t\t\t<\/div>\n\t\t\t\t\t<\/div>\n\t\t\t\t\t\t<\/div>\n\t\t\t\t<\/div>\n\t\t\t\t<\/div>\n\t\t\t\t\t<\/div>\n\t\t\t\t<\/div>\n\t\t<div class=\"elementor-element elementor-element-8adc58f e-flex e-con-boxed elementor-invisible e-con e-parent\" data-id=\"8adc58f\" data-element_type=\"container\" data-e-type=\"container\" data-settings=\"{&quot;animation&quot;:&quot;fadeIn&quot;}\">\n\t\t\t\t\t<div class=\"e-con-inner\">\n\t\t<div class=\"elementor-element elementor-element-c5326a8 e-con-full e-flex e-con e-child\" data-id=\"c5326a8\" data-element_type=\"container\" data-e-type=\"container\">\n\t\t\t\t<div class=\"elementor-element elementor-element-06373b6 elementor-widget elementor-widget-text-editor\" data-id=\"06373b6\" data-element_type=\"widget\" data-e-type=\"widget\" data-widget_type=\"text-editor.default\">\n\t\t\t\t<div class=\"elementor-widget-container\">\n\t\t\t\t\t\t\t\t\t<p><strong>Kay\u0131t olmak isteyen bir hastaysan\u0131z, l\u00fctfen Kat\u0131l a t\u0131klay\u0131n.<\/strong><\/p>\t\t\t\t\t\t\t\t<\/div>\n\t\t\t\t<\/div>\n\t\t\t\t<\/div>\n\t\t<div class=\"elementor-element elementor-element-f448d77 e-con-full e-flex e-con e-child\" data-id=\"f448d77\" data-element_type=\"container\" data-e-type=\"container\">\n\t\t\t\t<div class=\"elementor-element elementor-element-0943e97 elementor-align-right elementor-mobile-align-left elementor-widget elementor-widget-button\" data-id=\"0943e97\" data-element_type=\"widget\" data-e-type=\"widget\" data-widget_type=\"button.default\">\n\t\t\t\t<div class=\"elementor-widget-container\">\n\t\t\t\t\t\t\t\t\t<div class=\"elementor-button-wrapper\">\n\t\t\t\t\t<a class=\"elementor-button elementor-button-link elementor-size-sm\" href=\"\/participate\/\">\n\t\t\t\t\t\t<span class=\"elementor-button-content-wrapper\">\n\t\t\t\t\t\t\t\t\t<span class=\"elementor-button-text\">Kat\u0131l<\/span>\n\t\t\t\t\t<\/span>\n\t\t\t\t\t<\/a>\n\t\t\t\t<\/div>\n\t\t\t\t\t\t\t\t<\/div>\n\t\t\t\t<\/div>\n\t\t\t\t<\/div>\n\t\t\t\t\t<\/div>\n\t\t\t\t<\/div>\n\t\t\t\t<\/div>","protected":false},"excerpt":{"rendered":"<p>Our Partners &amp; Supporters We\u2019re proud to highlight some of the partners* helping to drive this initiative forward. *Only a selection of partners is shown. Many organisations preferred not to be listed, and we intentionally do not include sponsor names, as our focus is on patients and sites. Overall, more than 40 organisations are contributing [&hellip;]<\/p>\n","protected":false},"author":2,"featured_media":0,"parent":0,"menu_order":0,"comment_status":"closed","ping_status":"closed","template":"","meta":{"footnotes":""},"class_list":["post-574","page","type-page","status-publish","hentry"],"_links":{"self":[{"href":"https:\/\/bettertogetherberlin.com\/tr-de\/wp-json\/wp\/v2\/pages\/574","targetHints":{"allow":["GET"]}}],"collection":[{"href":"https:\/\/bettertogetherberlin.com\/tr-de\/wp-json\/wp\/v2\/pages"}],"about":[{"href":"https:\/\/bettertogetherberlin.com\/tr-de\/wp-json\/wp\/v2\/types\/page"}],"author":[{"embeddable":true,"href":"https:\/\/bettertogetherberlin.com\/tr-de\/wp-json\/wp\/v2\/users\/2"}],"replies":[{"embeddable":true,"href":"https:\/\/bettertogetherberlin.com\/tr-de\/wp-json\/wp\/v2\/comments?post=574"}],"version-history":[{"count":0,"href":"https:\/\/bettertogetherberlin.com\/tr-de\/wp-json\/wp\/v2\/pages\/574\/revisions"}],"wp:attachment":[{"href":"https:\/\/bettertogetherberlin.com\/tr-de\/wp-json\/wp\/v2\/media?parent=574"}],"curies":[{"name":"wp","href":"https:\/\/api.w.org\/{rel}","templated":true}]}}